{"id":4577,"date":"2023-04-04T11:53:36","date_gmt":"2023-04-04T09:53:36","guid":{"rendered":"https:\/\/www.fitlock.store\/prodotto\/fitlock\/"},"modified":"2025-05-08T09:34:27","modified_gmt":"2025-05-08T07:34:27","slug":"fitlock","status":"publish","type":"product","link":"https:\/\/www.fitlock.store\/es\/producto\/fitlock\/","title":{"rendered":"FITLOCK"},"content":{"rendered":"<p>Concebido para el revestimiento de paneles de techo y pared de todo tipo, el anclaje de <strong>Fitlock<sup>\u00ae<\/sup><\/strong> ofrece altas prestaciones en t\u00e9rminos de estabilidad y fiabilidad.<\/p>\n<p>F\u00e1cil de montar, retirar y posicionar, <strong>Fitlock<sup>\u00ae<\/sup><\/strong> facilita las operaciones m\u00e1s complejas de inspecci\u00f3n, mantenimiento y restablecimiento.<\/p>\n<p><strong>Novedad<\/strong>: gracias al tap\u00f3n <strong>TFLF<\/strong> es posible instalar la hembra <strong>FL_F<\/strong> directamente en el soporte mediante resinado o sobremoldeo.<\/p>\n<p><strong>Fitlock<sup>\u00ae<\/sup><\/strong>\u00a0es la innovaci\u00f3n que revoluciona el montaje de fijaci\u00f3n a presi\u00f3n.<\/p>\n","protected":false},"excerpt":{"rendered":"<p>Sistema de fijaci\u00f3n a presi\u00f3n que ofrece ventajas exclusivas para el montaje de paneles.<\/p>\n","protected":false},"featured_media":4579,"comment_status":"open","ping_status":"closed","template":"","meta":{"_acf_changed":false,"inline_featured_image":false},"product_brand":[],"product_cat":[110],"product_tag":[],"class_list":{"0":"post-4577","1":"product","2":"type-product","3":"status-publish","4":"has-post-thumbnail","6":"product_cat-pannellatura-es","8":"first","9":"instock","10":"taxable","11":"shipping-taxable","12":"product-type-grouped"},"acf":[],"_links":{"self":[{"href":"https:\/\/www.fitlock.store\/es\/wp-json\/wp\/v2\/product\/4577","targetHints":{"allow":["GET"]}}],"collection":[{"href":"https:\/\/www.fitlock.store\/es\/wp-json\/wp\/v2\/product"}],"about":[{"href":"https:\/\/www.fitlock.store\/es\/wp-json\/wp\/v2\/types\/product"}],"replies":[{"embeddable":true,"href":"https:\/\/www.fitlock.store\/es\/wp-json\/wp\/v2\/comments?post=4577"}],"wp:featuredmedia":[{"embeddable":true,"href":"https:\/\/www.fitlock.store\/es\/wp-json\/wp\/v2\/media\/4579"}],"wp:attachment":[{"href":"https:\/\/www.fitlock.store\/es\/wp-json\/wp\/v2\/media?parent=4577"}],"wp:term":[{"taxonomy":"product_brand","embeddable":true,"href":"https:\/\/www.fitlock.store\/es\/wp-json\/wp\/v2\/product_brand?post=4577"},{"taxonomy":"product_cat","embeddable":true,"href":"https:\/\/www.fitlock.store\/es\/wp-json\/wp\/v2\/product_cat?post=4577"},{"taxonomy":"product_tag","embeddable":true,"href":"https:\/\/www.fitlock.store\/es\/wp-json\/wp\/v2\/product_tag?post=4577"}],"curies":[{"name":"wp","href":"https:\/\/api.w.org\/{rel}","templated":true}]}}