{"id":4594,"date":"2023-04-12T12:06:54","date_gmt":"2023-04-12T10:06:54","guid":{"rendered":"https:\/\/www.fitlock.store\/prodotto\/fitlock-evo\/"},"modified":"2025-05-08T09:35:29","modified_gmt":"2025-05-08T07:35:29","slug":"fitlock-evo","status":"publish","type":"product","link":"https:\/\/www.fitlock.store\/es\/producto\/fitlock-evo\/","title":{"rendered":"FITLOCK EVO"},"content":{"rendered":"<p>Concebido para el revestimiento de paneles de techo y pared de todo tipo, el anclaje de <strong>Fitlock<sup>\u00ae<\/sup><\/strong> ofrece altas prestaciones en t\u00e9rminos de estabilidad y fiabilidad.<\/p>\n<p>Fitlock Evo se ha concebido para el revestimiento de paneles de techo y paredes de todo tipo, gracias al espaciador integrado de espesor variable, es posible ajustar la profundidad de fijaci\u00f3n con extrema precisi\u00f3n<\/p>\n<p>F\u00e1cil de montar, retirar y posicionar, <strong>Fitlock<sup>\u00ae<\/sup><\/strong> evo facilita las operaciones m\u00e1s complejas de inspecci\u00f3n, mantenimiento y restablecimiento. <strong>Fitlock<sup>\u00ae<\/sup><\/strong> es la innovaci\u00f3n que revoluciona el montaje con fijaci\u00f3n a presi\u00f3n.<\/p>\n","protected":false},"excerpt":{"rendered":"<p>Sistema de fijaci\u00f3n a presi\u00f3n que ofrece ventajas exclusivas para el montaje de paneles.<\/p>\n","protected":false},"featured_media":4602,"comment_status":"open","ping_status":"closed","template":"","meta":{"_acf_changed":false,"inline_featured_image":false},"product_brand":[],"product_cat":[110],"product_tag":[],"class_list":{"0":"post-4594","1":"product","2":"type-product","3":"status-publish","4":"has-post-thumbnail","6":"product_cat-pannellatura-es","8":"first","9":"instock","10":"taxable","11":"shipping-taxable","12":"product-type-grouped"},"acf":[],"_links":{"self":[{"href":"https:\/\/www.fitlock.store\/es\/wp-json\/wp\/v2\/product\/4594","targetHints":{"allow":["GET"]}}],"collection":[{"href":"https:\/\/www.fitlock.store\/es\/wp-json\/wp\/v2\/product"}],"about":[{"href":"https:\/\/www.fitlock.store\/es\/wp-json\/wp\/v2\/types\/product"}],"replies":[{"embeddable":true,"href":"https:\/\/www.fitlock.store\/es\/wp-json\/wp\/v2\/comments?post=4594"}],"wp:featuredmedia":[{"embeddable":true,"href":"https:\/\/www.fitlock.store\/es\/wp-json\/wp\/v2\/media\/4602"}],"wp:attachment":[{"href":"https:\/\/www.fitlock.store\/es\/wp-json\/wp\/v2\/media?parent=4594"}],"wp:term":[{"taxonomy":"product_brand","embeddable":true,"href":"https:\/\/www.fitlock.store\/es\/wp-json\/wp\/v2\/product_brand?post=4594"},{"taxonomy":"product_cat","embeddable":true,"href":"https:\/\/www.fitlock.store\/es\/wp-json\/wp\/v2\/product_cat?post=4594"},{"taxonomy":"product_tag","embeddable":true,"href":"https:\/\/www.fitlock.store\/es\/wp-json\/wp\/v2\/product_tag?post=4594"}],"curies":[{"name":"wp","href":"https:\/\/api.w.org\/{rel}","templated":true}]}}