{"id":4616,"date":"2024-01-08T12:37:50","date_gmt":"2024-01-08T11:37:50","guid":{"rendered":"https:\/\/www.fitlock.store\/prodotto\/fitkite\/"},"modified":"2025-05-08T09:36:18","modified_gmt":"2025-05-08T07:36:18","slug":"fitkite","status":"publish","type":"product","link":"https:\/\/www.fitlock.store\/es\/producto\/fitkite\/","title":{"rendered":"FITKITE"},"content":{"rendered":"<p><strong>Fitkite<sup>\u00ae<\/sup><\/strong>\u00a0es el sistema de anclaje con fricci\u00f3n que amplifica las ventajas de\u00a0<strong>Fitlock<\/strong>\u00a0en las fases de inspecci\u00f3n.<\/p>\n<p><strong>Fitkite<sup>\u00ae<\/sup><\/strong>\u00a0gracias a la fricci\u00f3n ajustable, permite amortiguar y predecir la velocidad de bajada del panel, por lo que en caso de inspecci\u00f3n se podr\u00e1 desenganchar el panel con total seguridad, sin peligro de ca\u00edda accidental. Adem\u00e1s, hace que las operaciones de inspecci\u00f3n sean especialmente seguras en<\/p>\n","protected":false},"excerpt":{"rendered":"<p>Fitkite<sup>\u00ae<\/sup>\u00a0es el sistema de anclaje con fricci\u00f3n que amplifica las ventajas de Fitlock en las fases de inspecci\u00f3n.<\/p>\n","protected":false},"featured_media":4622,"comment_status":"open","ping_status":"closed","template":"","meta":{"_acf_changed":false,"inline_featured_image":false},"product_brand":[],"product_cat":[124],"product_tag":[],"class_list":{"0":"post-4616","1":"product","2":"type-product","3":"status-publish","4":"has-post-thumbnail","6":"product_cat-fitlock-es","8":"first","9":"instock","10":"taxable","11":"shipping-taxable","12":"purchasable","13":"product-type-simple"},"acf":[],"_links":{"self":[{"href":"https:\/\/www.fitlock.store\/es\/wp-json\/wp\/v2\/product\/4616","targetHints":{"allow":["GET"]}}],"collection":[{"href":"https:\/\/www.fitlock.store\/es\/wp-json\/wp\/v2\/product"}],"about":[{"href":"https:\/\/www.fitlock.store\/es\/wp-json\/wp\/v2\/types\/product"}],"replies":[{"embeddable":true,"href":"https:\/\/www.fitlock.store\/es\/wp-json\/wp\/v2\/comments?post=4616"}],"wp:featuredmedia":[{"embeddable":true,"href":"https:\/\/www.fitlock.store\/es\/wp-json\/wp\/v2\/media\/4622"}],"wp:attachment":[{"href":"https:\/\/www.fitlock.store\/es\/wp-json\/wp\/v2\/media?parent=4616"}],"wp:term":[{"taxonomy":"product_brand","embeddable":true,"href":"https:\/\/www.fitlock.store\/es\/wp-json\/wp\/v2\/product_brand?post=4616"},{"taxonomy":"product_cat","embeddable":true,"href":"https:\/\/www.fitlock.store\/es\/wp-json\/wp\/v2\/product_cat?post=4616"},{"taxonomy":"product_tag","embeddable":true,"href":"https:\/\/www.fitlock.store\/es\/wp-json\/wp\/v2\/product_tag?post=4616"}],"curies":[{"name":"wp","href":"https:\/\/api.w.org\/{rel}","templated":true}]}}