{"id":4642,"date":"2023-04-12T11:46:33","date_gmt":"2023-04-12T09:46:33","guid":{"rendered":"https:\/\/www.fitlock.store\/prodotto\/mini-fitlock\/"},"modified":"2025-05-15T11:39:34","modified_gmt":"2025-05-15T09:39:34","slug":"mini-fitlock","status":"publish","type":"product","link":"https:\/\/www.fitlock.store\/es\/producto\/mini-fitlock\/","title":{"rendered":"MINI FITLOCK"},"content":{"rendered":"<p>Concebido para el revestimiento de paneles de techo y pared de todo tipo, el anclaje de <strong>Fitlock<sup>\u00ae<\/sup><\/strong> ofrece altas prestaciones en t\u00e9rminos de estabilidad y fiabilidad.<\/p>\n<p><strong>Mini Fitlock<\/strong> se ha dise\u00f1ado para la instalaci\u00f3n de paneles peque\u00f1os incluso en paredes\/soportes de espesor reducido.<\/p>\n<p>F\u00e1cil de montar, retirar y posicionar, <strong>Fitlock<sup>\u00ae<\/sup><\/strong> facilita las m\u00e1s complejas operaciones de inspecci\u00f3n, mantenimiento y restablecimiento.<\/p>\n<p><strong>Fitlock<sup>\u00ae<\/sup><\/strong> es la innovaci\u00f3n que revoluciona el montaje con fijaci\u00f3n a presi\u00f3n.<\/p>\n","protected":false},"excerpt":{"rendered":"<p>Dise\u00f1ado para la instalaci\u00f3n de paneles peque\u00f1os incluso en paredes\/soportes de espesor reducido.<\/p>\n","protected":false},"featured_media":4650,"comment_status":"open","ping_status":"closed","template":"","meta":{"_acf_changed":false,"inline_featured_image":false},"product_brand":[],"product_cat":[110],"product_tag":[],"class_list":{"0":"post-4642","1":"product","2":"type-product","3":"status-publish","4":"has-post-thumbnail","6":"product_cat-pannellatura-es","8":"first","9":"instock","10":"taxable","11":"shipping-taxable","12":"product-type-grouped"},"acf":[],"_links":{"self":[{"href":"https:\/\/www.fitlock.store\/es\/wp-json\/wp\/v2\/product\/4642","targetHints":{"allow":["GET"]}}],"collection":[{"href":"https:\/\/www.fitlock.store\/es\/wp-json\/wp\/v2\/product"}],"about":[{"href":"https:\/\/www.fitlock.store\/es\/wp-json\/wp\/v2\/types\/product"}],"replies":[{"embeddable":true,"href":"https:\/\/www.fitlock.store\/es\/wp-json\/wp\/v2\/comments?post=4642"}],"wp:featuredmedia":[{"embeddable":true,"href":"https:\/\/www.fitlock.store\/es\/wp-json\/wp\/v2\/media\/4650"}],"wp:attachment":[{"href":"https:\/\/www.fitlock.store\/es\/wp-json\/wp\/v2\/media?parent=4642"}],"wp:term":[{"taxonomy":"product_brand","embeddable":true,"href":"https:\/\/www.fitlock.store\/es\/wp-json\/wp\/v2\/product_brand?post=4642"},{"taxonomy":"product_cat","embeddable":true,"href":"https:\/\/www.fitlock.store\/es\/wp-json\/wp\/v2\/product_cat?post=4642"},{"taxonomy":"product_tag","embeddable":true,"href":"https:\/\/www.fitlock.store\/es\/wp-json\/wp\/v2\/product_tag?post=4642"}],"curies":[{"name":"wp","href":"https:\/\/api.w.org\/{rel}","templated":true}]}}