{"id":4655,"date":"2023-04-12T12:23:29","date_gmt":"2023-04-12T10:23:29","guid":{"rendered":"https:\/\/www.fitlock.store\/prodotto\/mini-fitlock-evo\/"},"modified":"2025-05-08T09:37:39","modified_gmt":"2025-05-08T07:37:39","slug":"mini-fitlock-evo","status":"publish","type":"product","link":"https:\/\/www.fitlock.store\/es\/producto\/mini-fitlock-evo\/","title":{"rendered":"MINI FITLOCK EVO"},"content":{"rendered":"<p>Mini Fitlock Evo se ha dise\u00f1ado para la instalaci\u00f3n de paneles peque\u00f1os incluso en paredes\/soportes de espesor reducido y, gracias al espaciador integrado de espesor variable, se puede ajustar la altura de fijaci\u00f3n con suma precisi\u00f3n.<\/p>\n<p>F\u00e1cil de montar, retirar y posicionar, <strong>Fitlock<sup>\u00ae<\/sup><\/strong> facilita las m\u00e1s complejas operaciones de inspecci\u00f3n, mantenimiento y restablecimiento.<\/p>\n","protected":false},"excerpt":{"rendered":"<p>Sistema de fijaci\u00f3n con separador de espesor variable integrado para la instalaci\u00f3n de paneles de peque\u00f1as dimensiones.<\/p>\n","protected":false},"featured_media":4663,"comment_status":"open","ping_status":"closed","template":"","meta":{"_acf_changed":false,"inline_featured_image":false},"product_brand":[],"product_cat":[110],"product_tag":[],"class_list":{"0":"post-4655","1":"product","2":"type-product","3":"status-publish","4":"has-post-thumbnail","6":"product_cat-pannellatura-es","8":"first","9":"instock","10":"taxable","11":"shipping-taxable","12":"product-type-grouped"},"acf":[],"_links":{"self":[{"href":"https:\/\/www.fitlock.store\/es\/wp-json\/wp\/v2\/product\/4655","targetHints":{"allow":["GET"]}}],"collection":[{"href":"https:\/\/www.fitlock.store\/es\/wp-json\/wp\/v2\/product"}],"about":[{"href":"https:\/\/www.fitlock.store\/es\/wp-json\/wp\/v2\/types\/product"}],"replies":[{"embeddable":true,"href":"https:\/\/www.fitlock.store\/es\/wp-json\/wp\/v2\/comments?post=4655"}],"wp:featuredmedia":[{"embeddable":true,"href":"https:\/\/www.fitlock.store\/es\/wp-json\/wp\/v2\/media\/4663"}],"wp:attachment":[{"href":"https:\/\/www.fitlock.store\/es\/wp-json\/wp\/v2\/media?parent=4655"}],"wp:term":[{"taxonomy":"product_brand","embeddable":true,"href":"https:\/\/www.fitlock.store\/es\/wp-json\/wp\/v2\/product_brand?post=4655"},{"taxonomy":"product_cat","embeddable":true,"href":"https:\/\/www.fitlock.store\/es\/wp-json\/wp\/v2\/product_cat?post=4655"},{"taxonomy":"product_tag","embeddable":true,"href":"https:\/\/www.fitlock.store\/es\/wp-json\/wp\/v2\/product_tag?post=4655"}],"curies":[{"name":"wp","href":"https:\/\/api.w.org\/{rel}","templated":true}]}}