{"id":4680,"date":"2024-01-08T15:34:44","date_gmt":"2024-01-08T14:34:44","guid":{"rendered":"https:\/\/www.fitlock.store\/prodotto\/mini-fitlock-colpo\/"},"modified":"2025-05-08T10:58:59","modified_gmt":"2025-05-08T08:58:59","slug":"mini-fitlock-colpo","status":"publish","type":"product","link":"https:\/\/www.fitlock.store\/es\/producto\/mini-fitlock-colpo\/","title":{"rendered":"MINI FITLOCK COLPO"},"content":{"rendered":"<p><strong>Fitlock<sup>\u00ae<\/sup><\/strong> es un sistema de fijaci\u00f3n a presi\u00f3n que ofrece ventajas exclusivas para el montaje de paneles, dise\u00f1ado para el revestimiento de paneles en techos y paredes de todo tipo, proporcionando un alto rendimiento en t\u00e9rminos de estabilidad y fiabilidad.<\/p>\n<p><strong>Mini Fitlock Colpo<\/strong> est\u00e1 concebido para ofrecer un sistema de anclaje a presi\u00f3n para superficies de bajo espesor que no permiten el alojamiento del formato est\u00e1ndar de los elementos en ambos lados.<\/p>\n<p>El macho se fija con los tornillos por el lado de espesor reducido, mientras que la hembra se encaja de forma estable en su pertinente alojamiento con un simple golpe.<\/p>\n","protected":false},"excerpt":{"rendered":"<p>Mini Fitlock Golpe est\u00e1 dise\u00f1ado para el revestimiento de paneles en techos y paredes de todo tipo, ofreciendo un alto rendimiento en estabilidad y fiabilidad.<\/p>\n","protected":false},"featured_media":4687,"comment_status":"open","ping_status":"closed","template":"","meta":{"_acf_changed":false,"inline_featured_image":false},"product_brand":[],"product_cat":[124],"product_tag":[],"class_list":{"0":"post-4680","1":"product","2":"type-product","3":"status-publish","4":"has-post-thumbnail","6":"product_cat-fitlock-es","8":"first","9":"instock","10":"taxable","11":"shipping-taxable","12":"product-type-grouped"},"acf":[],"_links":{"self":[{"href":"https:\/\/www.fitlock.store\/es\/wp-json\/wp\/v2\/product\/4680","targetHints":{"allow":["GET"]}}],"collection":[{"href":"https:\/\/www.fitlock.store\/es\/wp-json\/wp\/v2\/product"}],"about":[{"href":"https:\/\/www.fitlock.store\/es\/wp-json\/wp\/v2\/types\/product"}],"replies":[{"embeddable":true,"href":"https:\/\/www.fitlock.store\/es\/wp-json\/wp\/v2\/comments?post=4680"}],"wp:featuredmedia":[{"embeddable":true,"href":"https:\/\/www.fitlock.store\/es\/wp-json\/wp\/v2\/media\/4687"}],"wp:attachment":[{"href":"https:\/\/www.fitlock.store\/es\/wp-json\/wp\/v2\/media?parent=4680"}],"wp:term":[{"taxonomy":"product_brand","embeddable":true,"href":"https:\/\/www.fitlock.store\/es\/wp-json\/wp\/v2\/product_brand?post=4680"},{"taxonomy":"product_cat","embeddable":true,"href":"https:\/\/www.fitlock.store\/es\/wp-json\/wp\/v2\/product_cat?post=4680"},{"taxonomy":"product_tag","embeddable":true,"href":"https:\/\/www.fitlock.store\/es\/wp-json\/wp\/v2\/product_tag?post=4680"}],"curies":[{"name":"wp","href":"https:\/\/api.w.org\/{rel}","templated":true}]}}