{"id":4730,"date":"2023-04-12T12:37:14","date_gmt":"2023-04-12T10:37:14","guid":{"rendered":"https:\/\/www.fitlock.store\/prodotto\/fitblock\/"},"modified":"2025-05-08T11:01:15","modified_gmt":"2025-05-08T09:01:15","slug":"fitblock","status":"publish","type":"product","link":"https:\/\/www.fitlock.store\/es\/producto\/fitblock\/","title":{"rendered":"FITBLOCK"},"content":{"rendered":"<p>Concebido para la gesti\u00f3n modular de armazones y plantillas de pavimento, para lograr una superficie t\u00e9cnica precisa.<\/p>\n<p>F\u00e1cil de montar, retirar y volver a posicionar, Fitblock facilita el dise\u00f1o y realizaci\u00f3n de superficies t\u00e9cnicas.<\/p>\n<p><strong>Fitblock\u00ae<sup>\u00ae<\/sup><\/strong>, es la inovaci\u00f3n que revoluciona la gesti\u00f3n modular de armazones y plantillas de pavimento.<\/p>\n","protected":false},"excerpt":{"rendered":"<p>Sistema de fijaci\u00f3n de paneles coplanares y paralelos \u00fatil para la gesti\u00f3n modular de plantillas y encofrados en el suelo.<\/p>\n","protected":false},"featured_media":4737,"comment_status":"open","ping_status":"closed","template":"","meta":{"_acf_changed":false,"inline_featured_image":false},"product_brand":[],"product_cat":[110],"product_tag":[],"class_list":{"0":"post-4730","1":"product","2":"type-product","3":"status-publish","4":"has-post-thumbnail","6":"product_cat-pannellatura-es","8":"first","9":"instock","10":"taxable","11":"shipping-taxable","12":"product-type-grouped"},"acf":[],"_links":{"self":[{"href":"https:\/\/www.fitlock.store\/es\/wp-json\/wp\/v2\/product\/4730","targetHints":{"allow":["GET"]}}],"collection":[{"href":"https:\/\/www.fitlock.store\/es\/wp-json\/wp\/v2\/product"}],"about":[{"href":"https:\/\/www.fitlock.store\/es\/wp-json\/wp\/v2\/types\/product"}],"replies":[{"embeddable":true,"href":"https:\/\/www.fitlock.store\/es\/wp-json\/wp\/v2\/comments?post=4730"}],"wp:featuredmedia":[{"embeddable":true,"href":"https:\/\/www.fitlock.store\/es\/wp-json\/wp\/v2\/media\/4737"}],"wp:attachment":[{"href":"https:\/\/www.fitlock.store\/es\/wp-json\/wp\/v2\/media?parent=4730"}],"wp:term":[{"taxonomy":"product_brand","embeddable":true,"href":"https:\/\/www.fitlock.store\/es\/wp-json\/wp\/v2\/product_brand?post=4730"},{"taxonomy":"product_cat","embeddable":true,"href":"https:\/\/www.fitlock.store\/es\/wp-json\/wp\/v2\/product_cat?post=4730"},{"taxonomy":"product_tag","embeddable":true,"href":"https:\/\/www.fitlock.store\/es\/wp-json\/wp\/v2\/product_tag?post=4730"}],"curies":[{"name":"wp","href":"https:\/\/api.w.org\/{rel}","templated":true}]}}