{"id":4773,"date":"2023-04-12T12:19:06","date_gmt":"2023-04-12T10:19:06","guid":{"rendered":"https:\/\/www.fitlock.store\/prodotto\/mini-fitlock-evo-femmina\/"},"modified":"2025-05-08T11:04:07","modified_gmt":"2025-05-08T09:04:07","slug":"mini-fitlock-evo-femmina","status":"publish","type":"product","link":"https:\/\/www.fitlock.store\/es\/producto\/mini-fitlock-evo-femmina\/","title":{"rendered":"hembra"},"content":{"rendered":"<div class=\"page\" title=\"Page 10\">\n<div class=\"section\">\n<div class=\"layoutArea\">\n<div class=\"column\">\n<p>Concebido para el revestimiento de paneles de techo y pared de todo tipo, el anclaje de Fitlock\u00ae ofrece altas prestaciones en t\u00e9rminos de estabilidad y fiabilidad.<\/p>\n<p>Mini Fitlock Evo se ha dise\u00f1ado para la instalaci\u00f3n de paneles peque\u00f1os incluso en paredes\/soportes de espesor reducido y, gracias al espaciador integrado de espesor variable, se puede ajustar la altura de fijaci\u00f3n con suma precisi\u00f3n.<\/p>\n<p>F\u00e1cil de montar, retirar y posicionar, Fitlock\u00ae facilita las m\u00e1s complejas operaciones de inspecci\u00f3n, mantenimiento y restablecimiento.<\/p>\n<div class=\"page\" title=\"Page 10\">\n<div class=\"section\">\n<div class=\"layoutArea\">\n<div class=\"column\">\n<p>Fitlock\u00ae es la innovaci\u00f3n que revoluciona el montaje con fijaci\u00f3n a presi\u00f3n.<\/p>\n<\/div>\n<\/div>\n<\/div>\n<\/div>\n<\/div>\n<\/div>\n<\/div>\n<\/div>\n","protected":false},"excerpt":{"rendered":"<p>Fitlock\u00ae es un sistema de fijaci\u00f3n a presi\u00f3n que ofrece ventajas exclusivas para el montaje de paneles.<\/p>\n","protected":false},"featured_media":4657,"comment_status":"open","ping_status":"closed","template":"","meta":{"_acf_changed":false,"inline_featured_image":false},"product_brand":[],"product_cat":[110],"product_tag":[],"class_list":{"0":"post-4773","1":"product","2":"type-product","3":"status-publish","4":"has-post-thumbnail","6":"product_cat-pannellatura-es","8":"first","9":"instock","10":"taxable","11":"shipping-taxable","12":"purchasable","13":"product-type-simple"},"acf":[],"_links":{"self":[{"href":"https:\/\/www.fitlock.store\/es\/wp-json\/wp\/v2\/product\/4773","targetHints":{"allow":["GET"]}}],"collection":[{"href":"https:\/\/www.fitlock.store\/es\/wp-json\/wp\/v2\/product"}],"about":[{"href":"https:\/\/www.fitlock.store\/es\/wp-json\/wp\/v2\/types\/product"}],"replies":[{"embeddable":true,"href":"https:\/\/www.fitlock.store\/es\/wp-json\/wp\/v2\/comments?post=4773"}],"wp:featuredmedia":[{"embeddable":true,"href":"https:\/\/www.fitlock.store\/es\/wp-json\/wp\/v2\/media\/4657"}],"wp:attachment":[{"href":"https:\/\/www.fitlock.store\/es\/wp-json\/wp\/v2\/media?parent=4773"}],"wp:term":[{"taxonomy":"product_brand","embeddable":true,"href":"https:\/\/www.fitlock.store\/es\/wp-json\/wp\/v2\/product_brand?post=4773"},{"taxonomy":"product_cat","embeddable":true,"href":"https:\/\/www.fitlock.store\/es\/wp-json\/wp\/v2\/product_cat?post=4773"},{"taxonomy":"product_tag","embeddable":true,"href":"https:\/\/www.fitlock.store\/es\/wp-json\/wp\/v2\/product_tag?post=4773"}],"curies":[{"name":"wp","href":"https:\/\/api.w.org\/{rel}","templated":true}]}}