{"id":4786,"date":"2023-04-12T12:36:08","date_gmt":"2023-04-12T10:36:08","guid":{"rendered":"https:\/\/www.fitlock.store\/prodotto\/fitblock-b\/"},"modified":"2025-05-08T11:02:02","modified_gmt":"2025-05-08T09:02:02","slug":"fitblock-b","status":"publish","type":"product","link":"https:\/\/www.fitlock.store\/es\/producto\/fitblock-b\/","title":{"rendered":"FITBLOCK B"},"content":{"rendered":"<div class=\"page\" title=\"Page 40\">\n<div class=\"section\">\n<div class=\"layoutArea\">\n<div class=\"column\">\n<p>Concebido para la gesti\u00f3n modular de armazones y plantillas de pavimento, para lograr una superficie t\u00e9cnica precisa.<\/p>\n<p>F\u00e1cil de montar, retirar y volver a posicionar, Fitblock facilita el dise\u00f1o y realizaci\u00f3n de superficies t\u00e9cnicas.<\/p>\n<p>Fitblock\u00ae, es la inovaci\u00f3n que revoluciona la gesti\u00f3n modular de armazones y plantillas de pavimento.<\/p>\n<\/div>\n<\/div>\n<\/div>\n<\/div>\n","protected":false},"excerpt":{"rendered":"<p>Fitblock\u00ae es un sistema de fijaci\u00f3n de paneles coplanarios y perpendiculares, que ofrece la ventaja de un desmontaje y remontaje r\u00e1pido, preciso y robusto.<\/p>\n","protected":false},"featured_media":4787,"comment_status":"open","ping_status":"closed","template":"","meta":{"_acf_changed":false,"inline_featured_image":false},"product_brand":[],"product_cat":[110],"product_tag":[],"class_list":{"0":"post-4786","1":"product","2":"type-product","3":"status-publish","4":"has-post-thumbnail","6":"product_cat-pannellatura-es","8":"first","9":"instock","10":"taxable","11":"shipping-taxable","12":"purchasable","13":"product-type-simple"},"acf":[],"_links":{"self":[{"href":"https:\/\/www.fitlock.store\/es\/wp-json\/wp\/v2\/product\/4786","targetHints":{"allow":["GET"]}}],"collection":[{"href":"https:\/\/www.fitlock.store\/es\/wp-json\/wp\/v2\/product"}],"about":[{"href":"https:\/\/www.fitlock.store\/es\/wp-json\/wp\/v2\/types\/product"}],"replies":[{"embeddable":true,"href":"https:\/\/www.fitlock.store\/es\/wp-json\/wp\/v2\/comments?post=4786"}],"wp:featuredmedia":[{"embeddable":true,"href":"https:\/\/www.fitlock.store\/es\/wp-json\/wp\/v2\/media\/4787"}],"wp:attachment":[{"href":"https:\/\/www.fitlock.store\/es\/wp-json\/wp\/v2\/media?parent=4786"}],"wp:term":[{"taxonomy":"product_brand","embeddable":true,"href":"https:\/\/www.fitlock.store\/es\/wp-json\/wp\/v2\/product_brand?post=4786"},{"taxonomy":"product_cat","embeddable":true,"href":"https:\/\/www.fitlock.store\/es\/wp-json\/wp\/v2\/product_cat?post=4786"},{"taxonomy":"product_tag","embeddable":true,"href":"https:\/\/www.fitlock.store\/es\/wp-json\/wp\/v2\/product_tag?post=4786"}],"curies":[{"name":"wp","href":"https:\/\/api.w.org\/{rel}","templated":true}]}}