{"id":4801,"date":"2023-04-12T12:03:21","date_gmt":"2023-04-12T10:03:21","guid":{"rendered":"https:\/\/www.fitlock.store\/prodotto\/fitlock-evo-maschio-soft\/"},"modified":"2025-05-07T09:40:34","modified_gmt":"2025-05-07T07:40:34","slug":"fitlock-evo-maschio-soft","status":"publish","type":"product","link":"https:\/\/www.fitlock.store\/es\/producto\/fitlock-evo-maschio-soft\/","title":{"rendered":"macho soft"},"content":{"rendered":"<div class=\"page\" title=\"Page 6\">\n<div class=\"section\">\n<div class=\"layoutArea\">\n<div class=\"column\">\n<p>Concebido para el revestimiento de paneles de techo y pared de todo tipo, el anclaje de Fitlock\u00ae ofrece altas prestaciones en t\u00e9rminos de estabilidad y fiabilidad.<\/p>\n<p>Fitlock Evo se ha concebido para el revestimiento de paneles de techo y paredes de todo tipo, gracias al espaciador integrado de espesor variable, es posible ajustar la profundidad de fijaci\u00f3n con extrema precisi\u00f3n.<\/p>\n<p>F\u00e1cil de montar, retirar y posicionar, Fitlock\u00ae evo facilita las operaciones m\u00e1s complejas de inspecci\u00f3n, mantenimiento y restablecimiento.<\/p>\n<p>Fitlock\u00ae es la innovaci\u00f3n que revoluciona el montaje con fijaci\u00f3n a presi\u00f3n.<\/p>\n<\/div>\n<\/div>\n<\/div>\n<\/div>\n","protected":false},"excerpt":{"rendered":"<p>Fitlock\u00ae es un sistema de fijaci\u00f3n a presi\u00f3n que ofrece ventajas exclusivas para el montaje de paneles.<\/p>\n","protected":false},"featured_media":4802,"comment_status":"open","ping_status":"closed","template":"","meta":{"_acf_changed":false,"inline_featured_image":false},"product_brand":[],"product_cat":[110],"product_tag":[],"class_list":{"0":"post-4801","1":"product","2":"type-product","3":"status-publish","4":"has-post-thumbnail","6":"product_cat-pannellatura-es","8":"first","9":"instock","10":"taxable","11":"shipping-taxable","12":"purchasable","13":"product-type-simple"},"acf":[],"_links":{"self":[{"href":"https:\/\/www.fitlock.store\/es\/wp-json\/wp\/v2\/product\/4801","targetHints":{"allow":["GET"]}}],"collection":[{"href":"https:\/\/www.fitlock.store\/es\/wp-json\/wp\/v2\/product"}],"about":[{"href":"https:\/\/www.fitlock.store\/es\/wp-json\/wp\/v2\/types\/product"}],"replies":[{"embeddable":true,"href":"https:\/\/www.fitlock.store\/es\/wp-json\/wp\/v2\/comments?post=4801"}],"wp:featuredmedia":[{"embeddable":true,"href":"https:\/\/www.fitlock.store\/es\/wp-json\/wp\/v2\/media\/4802"}],"wp:attachment":[{"href":"https:\/\/www.fitlock.store\/es\/wp-json\/wp\/v2\/media?parent=4801"}],"wp:term":[{"taxonomy":"product_brand","embeddable":true,"href":"https:\/\/www.fitlock.store\/es\/wp-json\/wp\/v2\/product_brand?post=4801"},{"taxonomy":"product_cat","embeddable":true,"href":"https:\/\/www.fitlock.store\/es\/wp-json\/wp\/v2\/product_cat?post=4801"},{"taxonomy":"product_tag","embeddable":true,"href":"https:\/\/www.fitlock.store\/es\/wp-json\/wp\/v2\/product_tag?post=4801"}],"curies":[{"name":"wp","href":"https:\/\/api.w.org\/{rel}","templated":true}]}}