{"id":4806,"date":"2023-04-12T09:34:17","date_gmt":"2023-04-12T07:34:17","guid":{"rendered":"https:\/\/www.fitlock.store\/prodotto\/mini-fitlock-maschio-hard\/"},"modified":"2025-05-07T09:45:15","modified_gmt":"2025-05-07T07:45:15","slug":"mini-fitlock-maschio-hard","status":"publish","type":"product","link":"https:\/\/www.fitlock.store\/es\/producto\/mini-fitlock-maschio-hard\/","title":{"rendered":"macho hard"},"content":{"rendered":"<div class=\"page\" title=\"Page 8\">\n<div class=\"section\">\n<div class=\"layoutArea\">\n<div class=\"column\">\n<p>Concebido para el revestimiento de paneles de techo y pared de todo tipo, el anclaje de Fitlock\u00ae ofrece altas prestaciones en t\u00e9rminos de estabilidad y fiabilidad.<\/p>\n<p>Mini Fitlock se ha dise\u00f1ado para la instalaci\u00f3n de paneles peque\u00f1os incluso en paredes\/soportes de espesor reducido.<\/p>\n<p>F\u00e1cil de montar, retirar y posicionar, Fitlock\u00ae facilita las m\u00e1s complejas operaciones de inspecci\u00f3n, mantenimiento y restablecimiento.<\/p>\n<p>Fitlock\u00ae es la innovaci\u00f3n que revoluciona el montaje con fijaci\u00f3n a presi\u00f3n.\n<\/p><\/div>\n<\/div>\n<\/div>\n<\/div>\n","protected":false},"excerpt":{"rendered":"<div class=\"page\" title=\"Page 8\">\n<div class=\"section\">\n<div class=\"layoutArea\">\n<div class=\"column\">\n<p>Fitlock\u00ae es un sistema de fijaci\u00f3n a presi\u00f3n que ofrece ventajas exclusivas para el montaje de paneles.<\/p>\n<\/div>\n<\/div>\n<\/div>\n<\/div>\n","protected":false},"featured_media":4807,"comment_status":"open","ping_status":"closed","template":"","meta":{"_acf_changed":false,"inline_featured_image":false},"product_brand":[],"product_cat":[110],"product_tag":[],"class_list":{"0":"post-4806","1":"product","2":"type-product","3":"status-publish","4":"has-post-thumbnail","6":"product_cat-pannellatura-es","8":"first","9":"instock","10":"taxable","11":"shipping-taxable","12":"purchasable","13":"product-type-simple"},"acf":[],"_links":{"self":[{"href":"https:\/\/www.fitlock.store\/es\/wp-json\/wp\/v2\/product\/4806","targetHints":{"allow":["GET"]}}],"collection":[{"href":"https:\/\/www.fitlock.store\/es\/wp-json\/wp\/v2\/product"}],"about":[{"href":"https:\/\/www.fitlock.store\/es\/wp-json\/wp\/v2\/types\/product"}],"replies":[{"embeddable":true,"href":"https:\/\/www.fitlock.store\/es\/wp-json\/wp\/v2\/comments?post=4806"}],"wp:featuredmedia":[{"embeddable":true,"href":"https:\/\/www.fitlock.store\/es\/wp-json\/wp\/v2\/media\/4807"}],"wp:attachment":[{"href":"https:\/\/www.fitlock.store\/es\/wp-json\/wp\/v2\/media?parent=4806"}],"wp:term":[{"taxonomy":"product_brand","embeddable":true,"href":"https:\/\/www.fitlock.store\/es\/wp-json\/wp\/v2\/product_brand?post=4806"},{"taxonomy":"product_cat","embeddable":true,"href":"https:\/\/www.fitlock.store\/es\/wp-json\/wp\/v2\/product_cat?post=4806"},{"taxonomy":"product_tag","embeddable":true,"href":"https:\/\/www.fitlock.store\/es\/wp-json\/wp\/v2\/product_tag?post=4806"}],"curies":[{"name":"wp","href":"https:\/\/api.w.org\/{rel}","templated":true}]}}