{"id":4815,"date":"2023-04-04T11:48:11","date_gmt":"2023-04-04T09:48:11","guid":{"rendered":"https:\/\/www.fitlock.store\/prodotto\/fitlock-maschio-hard\/"},"modified":"2025-05-07T09:52:24","modified_gmt":"2025-05-07T07:52:24","slug":"fitlock-maschio-hard","status":"publish","type":"product","link":"https:\/\/www.fitlock.store\/es\/producto\/fitlock-maschio-hard\/","title":{"rendered":"macho hard"},"content":{"rendered":"<p>Fitlock\u00ae es un sistema de fijaci\u00f3n a presi\u00f3n que ofrece ventajas exclusivas para el montaje de paneles.<\/p>\n<p>Concebido para el revestimiento de paneles de techo y pared de todo tipo, el anclaje de Fitlock\u00ae ofrece altas prestaciones en t\u00e9rminos de estabilidad y fiabilidad.<\/p>\n<p>F\u00e1cil de montar, retirar y posicionar, Fitlock\u00ae facilita las operaciones m\u00e1s complejas de inspecci\u00f3n, mantenimiento y restablecimiento.<br \/>\nGracias al tap\u00f3n TFLF es posible instalar la hembra FL_F directamente en el soporte mediante resinado o sobremoldeo.<br \/>\nFitlock\u00ae es la innovaci\u00f3n que revoluciona el montaje con fijaci\u00f3n a presi\u00f3n.<\/p>\n","protected":false},"excerpt":{"rendered":"<p>Fitlock\u00ae es un sistema de fijaci\u00f3n a presi\u00f3n que ofrece ventajas exclusivas para el montaje de paneles.<\/p>\n","protected":false},"featured_media":4816,"comment_status":"open","ping_status":"closed","template":"","meta":{"_acf_changed":false,"inline_featured_image":false},"product_brand":[],"product_cat":[110],"product_tag":[],"class_list":{"0":"post-4815","1":"product","2":"type-product","3":"status-publish","4":"has-post-thumbnail","6":"product_cat-pannellatura-es","8":"first","9":"instock","10":"taxable","11":"shipping-taxable","12":"purchasable","13":"product-type-simple"},"acf":[],"_links":{"self":[{"href":"https:\/\/www.fitlock.store\/es\/wp-json\/wp\/v2\/product\/4815","targetHints":{"allow":["GET"]}}],"collection":[{"href":"https:\/\/www.fitlock.store\/es\/wp-json\/wp\/v2\/product"}],"about":[{"href":"https:\/\/www.fitlock.store\/es\/wp-json\/wp\/v2\/types\/product"}],"replies":[{"embeddable":true,"href":"https:\/\/www.fitlock.store\/es\/wp-json\/wp\/v2\/comments?post=4815"}],"wp:featuredmedia":[{"embeddable":true,"href":"https:\/\/www.fitlock.store\/es\/wp-json\/wp\/v2\/media\/4816"}],"wp:attachment":[{"href":"https:\/\/www.fitlock.store\/es\/wp-json\/wp\/v2\/media?parent=4815"}],"wp:term":[{"taxonomy":"product_brand","embeddable":true,"href":"https:\/\/www.fitlock.store\/es\/wp-json\/wp\/v2\/product_brand?post=4815"},{"taxonomy":"product_cat","embeddable":true,"href":"https:\/\/www.fitlock.store\/es\/wp-json\/wp\/v2\/product_cat?post=4815"},{"taxonomy":"product_tag","embeddable":true,"href":"https:\/\/www.fitlock.store\/es\/wp-json\/wp\/v2\/product_tag?post=4815"}],"curies":[{"name":"wp","href":"https:\/\/api.w.org\/{rel}","templated":true}]}}