{"id":4839,"date":"2023-04-12T12:41:40","date_gmt":"2023-04-12T10:41:40","guid":{"rendered":"https:\/\/www.fitlock.store\/prodotto\/coppia-attacchi-innesto\/"},"modified":"2025-05-08T11:00:22","modified_gmt":"2025-05-08T09:00:22","slug":"coppia-attacchi-innesto","status":"publish","type":"product","link":"https:\/\/www.fitlock.store\/es\/producto\/coppia-attacchi-innesto\/","title":{"rendered":"PAR DE ACOPLES A PRESI\u00d3N"},"content":{"rendered":"<p>Este accesorio de montaje a presi\u00f3n ofrece ventajas para el ensamblaje r\u00e1pido de paneles en donde no se requiere la extracci\u00f3n inmediata del panel ni inspecciones frecuentes.<\/p>\n<p>La bayoneta <strong>CAI<\/strong> sigue la filosof\u00eda <strong>Fitlock<sup>\u00ae<\/sup><\/strong> proponiendo soluciones adecuadas para facilitar todos los procedimientos, por este motivo se ha dise\u00f1ado bas\u00e1ndose en la perforaci\u00f3n de la instalaci\u00f3n del <strong>Fitlock<sup>\u00ae<\/sup><\/strong>, y gracias a ello se puede utilizar como reemplazo o combinada con el mismo <strong>Fitlock<sup>\u00ae<\/sup><\/strong>.<\/p>\n<p><strong>Fitlock<sup>\u00ae<\/sup><\/strong> es la innovaci\u00f3n que revoluciona el montaje con fijaci\u00f3n a presi\u00f3n.<\/p>\n","protected":false},"excerpt":{"rendered":"<p>CAI es la moderna \u00abbayoneta\u00bb f\u00e1cil de instalar que puede utilizarse junto con o en sustituci\u00f3n de Fitlock\u00ae.<\/p>\n","protected":false},"featured_media":4844,"comment_status":"open","ping_status":"closed","template":"","meta":{"_acf_changed":false,"inline_featured_image":false},"product_brand":[],"product_cat":[110],"product_tag":[],"class_list":{"0":"post-4839","1":"product","2":"type-product","3":"status-publish","4":"has-post-thumbnail","6":"product_cat-pannellatura-es","8":"first","9":"instock","10":"taxable","11":"shipping-taxable","12":"purchasable","13":"product-type-variable"},"acf":[],"_links":{"self":[{"href":"https:\/\/www.fitlock.store\/es\/wp-json\/wp\/v2\/product\/4839","targetHints":{"allow":["GET"]}}],"collection":[{"href":"https:\/\/www.fitlock.store\/es\/wp-json\/wp\/v2\/product"}],"about":[{"href":"https:\/\/www.fitlock.store\/es\/wp-json\/wp\/v2\/types\/product"}],"replies":[{"embeddable":true,"href":"https:\/\/www.fitlock.store\/es\/wp-json\/wp\/v2\/comments?post=4839"}],"wp:featuredmedia":[{"embeddable":true,"href":"https:\/\/www.fitlock.store\/es\/wp-json\/wp\/v2\/media\/4844"}],"wp:attachment":[{"href":"https:\/\/www.fitlock.store\/es\/wp-json\/wp\/v2\/media?parent=4839"}],"wp:term":[{"taxonomy":"product_brand","embeddable":true,"href":"https:\/\/www.fitlock.store\/es\/wp-json\/wp\/v2\/product_brand?post=4839"},{"taxonomy":"product_cat","embeddable":true,"href":"https:\/\/www.fitlock.store\/es\/wp-json\/wp\/v2\/product_cat?post=4839"},{"taxonomy":"product_tag","embeddable":true,"href":"https:\/\/www.fitlock.store\/es\/wp-json\/wp\/v2\/product_tag?post=4839"}],"curies":[{"name":"wp","href":"https:\/\/api.w.org\/{rel}","templated":true}]}}